{"id":59,"date":"2019-10-08T20:07:49","date_gmt":"2019-10-08T20:07:49","guid":{"rendered":"https:\/\/porzellanmalkunst.ch\/?page_id=59"},"modified":"2025-09-12T06:31:58","modified_gmt":"2025-09-12T06:31:58","slug":"ruth-jenny","status":"publish","type":"page","link":"https:\/\/porzellanmalkunst.ch\/","title":{"rendered":"Ruth Jenny-Baruffol"},"content":{"rendered":"\n<p><strong>Phantasie ist die Basis jeglicher kreativer Bet\u00e4tigung.<\/strong><\/p>\n\n\n\n<p>Je vielf\u00e4ltiger und ideenreicher die Porzellanmalerei ausgef\u00fchrt wird, desto interessanter wird diese ganze Thematik und desto mehr Freude bereitet sie.<\/p>\n\n\n\n<p>Man kann mit verschiedenen Materialien und Techniken arbeiten. Mit Pulverfarben, L\u00fcster, verschiedene Reliefpulver, Craquelier- und Marmorierl\u00f6sungen.<\/p>\n\n\n\n<p>Mit Gold und Platin verzaubert man den Bildern noch eine gewisse Eleganz. Bis ein Bild fertig wird, braucht es immer wieder Zwischenbr\u00e4nde bei ca. 720\u00b0 &#8211; 800\u00b0C. F\u00fcr die Porzellanmalerei braucht man viel Geduld.<\/p>\n\n\n\n<p>Kunst ist der Verwandlung einer Idee in ein Thema.<\/p>\n\n\n\n<p>In meiner Porzellan-Boutique findet man immer wieder zu jeder Gelegenheit ein passendes Geschenk.<\/p>\n\n\n\n<p>In einigen Porzellanmalkursen bei Ursula B\u00fcrki entdeckte ich meine Leidenschaft f\u00fcr dieses Hobby.<\/p>\n\n\n\n<p>In einer weiteren Ausbildung lernte ich auch die moderne Malerei kennen.<\/p>\n\n\n\n<p>In Kursen finde ich immer wieder neue Impulse und sind f\u00fcr mich eine&nbsp;kreative Herausforderung.<\/p>\n\n\n\n<p><\/p>\n","protected":false},"excerpt":{"rendered":"<p>Phantasie ist die Basis jeglicher kreativer Bet\u00e4tigung. Je vielf\u00e4ltiger und ideenreicher die Porzellanmalerei ausgef\u00fchrt wird, desto interessanter wird diese ganze Thematik und desto mehr Freude bereitet sie. Man kann mit verschiedenen Materialien und Techniken arbeiten. Mit Pulverfarben, L\u00fcster, verschiedene Reliefpulver, Craquelier- und Marmorierl\u00f6sungen. Mit Gold und Platin verzaubert man den Bildern noch eine gewisse Eleganz. &hellip; <\/p>\n<p class=\"link-more\"><a href=\"https:\/\/porzellanmalkunst.ch\/\" class=\"more-link\"><span class=\"screen-reader-text\">\u201eRuth Jenny-Baruffol\u201c<\/span> weiterlesen<\/a><\/p>\n","protected":false},"author":1,"featured_media":0,"parent":0,"menu_order":0,"comment_status":"closed","ping_status":"closed","template":"","meta":{"om_disable_all_campaigns":false,"_monsterinsights_skip_tracking":false,"_monsterinsights_sitenote_active":false,"_monsterinsights_sitenote_note":"","_monsterinsights_sitenote_category":0,"_uf_show_specific_survey":0,"_uf_disable_surveys":false,"ngg_post_thumbnail":0,"footnotes":""},"class_list":["post-59","page","type-page","status-publish","hentry"],"aioseo_notices":[],"_links":{"self":[{"href":"https:\/\/porzellanmalkunst.ch\/index.php?rest_route=\/wp\/v2\/pages\/59","targetHints":{"allow":["GET"]}}],"collection":[{"href":"https:\/\/porzellanmalkunst.ch\/index.php?rest_route=\/wp\/v2\/pages"}],"about":[{"href":"https:\/\/porzellanmalkunst.ch\/index.php?rest_route=\/wp\/v2\/types\/page"}],"author":[{"embeddable":true,"href":"https:\/\/porzellanmalkunst.ch\/index.php?rest_route=\/wp\/v2\/users\/1"}],"replies":[{"embeddable":true,"href":"https:\/\/porzellanmalkunst.ch\/index.php?rest_route=%2Fwp%2Fv2%2Fcomments&post=59"}],"version-history":[{"count":3,"href":"https:\/\/porzellanmalkunst.ch\/index.php?rest_route=\/wp\/v2\/pages\/59\/revisions"}],"predecessor-version":[{"id":423,"href":"https:\/\/porzellanmalkunst.ch\/index.php?rest_route=\/wp\/v2\/pages\/59\/revisions\/423"}],"wp:attachment":[{"href":"https:\/\/porzellanmalkunst.ch\/index.php?rest_route=%2Fwp%2Fv2%2Fmedia&parent=59"}],"curies":[{"name":"wp","href":"https:\/\/api.w.org\/{rel}","templated":true}]}}