{"id":64,"date":"2019-10-08T20:14:21","date_gmt":"2019-10-08T20:14:21","guid":{"rendered":"https:\/\/porzellanmalkunst.ch\/?page_id=64"},"modified":"2020-03-14T14:22:09","modified_gmt":"2020-03-14T14:22:09","slug":"austtellungen","status":"publish","type":"page","link":"https:\/\/porzellanmalkunst.ch\/?page_id=64","title":{"rendered":"Austellungen"},"content":{"rendered":"\n<p><strong>Vergangene Ausstellungen<\/strong><\/p>\n\n\n\n<p>Seminarhotel Lihn Filzbach 2019<\/p>\n\n\n\n<p>Kunsthaus Glarus 2016\/2107\/2018\/2019<\/p>\n\n\n\n<p>Linthpraxen Linthal 2016<\/p>\n\n\n\n<p>Kulturhalle St.Margrethen 2016<\/p>\n\n\n\n<p>Kantonsspital Glarus 2015<\/p>\n\n\n\n<p>Rest. Sch\u00fctzenhaus Glarus 2012<\/p>\n\n\n\n<p>Expolina in Flums 2011<\/p>\n\n\n\n<p><strong>Zuk\u00fcnftige Ausstellungen<\/strong><\/p>\n\n\n\n<p>In Planung Termine werden in K\u00fcrze bekanntgegeben<\/p>\n","protected":false},"excerpt":{"rendered":"<p>Vergangene Ausstellungen Seminarhotel Lihn Filzbach 2019 Kunsthaus Glarus 2016\/2107\/2018\/2019 Linthpraxen Linthal 2016 Kulturhalle St.Margrethen 2016 Kantonsspital Glarus 2015 Rest. Sch\u00fctzenhaus Glarus 2012 Expolina in Flums 2011 Zuk\u00fcnftige Ausstellungen In Planung Termine werden in K\u00fcrze bekanntgegeben<\/p>\n","protected":false},"author":1,"featured_media":0,"parent":0,"menu_order":0,"comment_status":"closed","ping_status":"closed","template":"","meta":{"om_disable_all_campaigns":false,"_monsterinsights_skip_tracking":false,"_monsterinsights_sitenote_active":false,"_monsterinsights_sitenote_note":"","_monsterinsights_sitenote_category":0,"_uf_show_specific_survey":0,"_uf_disable_surveys":false,"ngg_post_thumbnail":0,"footnotes":""},"class_list":["post-64","page","type-page","status-publish","hentry"],"aioseo_notices":[],"_links":{"self":[{"href":"https:\/\/porzellanmalkunst.ch\/index.php?rest_route=\/wp\/v2\/pages\/64","targetHints":{"allow":["GET"]}}],"collection":[{"href":"https:\/\/porzellanmalkunst.ch\/index.php?rest_route=\/wp\/v2\/pages"}],"about":[{"href":"https:\/\/porzellanmalkunst.ch\/index.php?rest_route=\/wp\/v2\/types\/page"}],"author":[{"embeddable":true,"href":"https:\/\/porzellanmalkunst.ch\/index.php?rest_route=\/wp\/v2\/users\/1"}],"replies":[{"embeddable":true,"href":"https:\/\/porzellanmalkunst.ch\/index.php?rest_route=%2Fwp%2Fv2%2Fcomments&post=64"}],"version-history":[{"count":3,"href":"https:\/\/porzellanmalkunst.ch\/index.php?rest_route=\/wp\/v2\/pages\/64\/revisions"}],"predecessor-version":[{"id":241,"href":"https:\/\/porzellanmalkunst.ch\/index.php?rest_route=\/wp\/v2\/pages\/64\/revisions\/241"}],"wp:attachment":[{"href":"https:\/\/porzellanmalkunst.ch\/index.php?rest_route=%2Fwp%2Fv2%2Fmedia&parent=64"}],"curies":[{"name":"wp","href":"https:\/\/api.w.org\/{rel}","templated":true}]}}